{"id":116,"date":"2017-05-12T23:07:39","date_gmt":"2017-05-12T21:07:39","guid":{"rendered":"http:\/\/talentsmarketcomsearch.com\/?page_id=116"},"modified":"2017-05-15T16:36:52","modified_gmt":"2017-05-15T14:36:52","slug":"nos-spiritueux","status":"publish","type":"page","link":"https:\/\/fines.fr\/index.php\/nos-spiritueux\/","title":{"rendered":"Nos spiritueux"},"content":{"rendered":"<table width=\"383\">\n<tbody>\n<tr>\n<td width=\"383\"><strong>\u00a0<\/strong><\/p>\n<p><strong>\u00a0<\/strong><\/p>\n<p><strong>WHISKIES ECOSSAIS<\/strong><\/td>\n<\/tr>\n<tr>\n<td width=\"383\"><strong>Blends Scotch Whiskies<\/strong><\/td>\n<\/tr>\n<tr>\n<td width=\"383\">Cerridwen by Pickwick<\/td>\n<\/tr>\n<tr>\n<td width=\"383\">Koudeta (nouveaut\u00e9)<\/td>\n<\/tr>\n<tr>\n<td width=\"383\">Eorna by Pickwick<\/td>\n<\/tr>\n<tr>\n<td width=\"383\">Clan Chattam<\/td>\n<\/tr>\n<tr>\n<td width=\"383\">Highland Journey<\/td>\n<\/tr>\n<tr>\n<td width=\"383\"><strong>Raasey &amp; Borders Distillers <\/strong><\/td>\n<\/tr>\n<tr>\n<td width=\"383\">Borders &#8211; Single Grain<\/td>\n<\/tr>\n<tr>\n<td width=\"383\">Raasay &#8211; While We Wait<\/td>\n<\/tr>\n<tr>\n<td width=\"383\">Raasay 2 &#8211; While We Wait<\/td>\n<\/tr>\n<tr>\n<td width=\"383\"><strong>Distiller&rsquo;s Art<\/strong><\/td>\n<\/tr>\n<tr>\n<td width=\"383\">Benrinnes \u00ab\u00a0A little Dream\u00a0\u00bb (Speyside)<\/td>\n<\/tr>\n<tr>\n<td width=\"383\">Fettercairn \u00ab\u00a0The Good Fella\u00a0\u00bb\u00a0 (E. Highlands)<\/td>\n<\/tr>\n<tr>\n<td width=\"383\">Inchgower<\/td>\n<\/tr>\n<tr>\n<td width=\"383\">Caol Ila \u00ab\u00a0Elegantly Peated\u00a0\u00bb (Islay)<\/td>\n<\/tr>\n<tr>\n<td width=\"383\">Bunnahabhain \u00ab\u00a0Fruit by The Sea\u00a0\u00bb\u00a0 (Islay)<\/td>\n<\/tr>\n<tr>\n<td width=\"383\">Talisker s\u00e9rie limit\u00e9e<\/td>\n<\/tr>\n<tr>\n<td width=\"383\">&nbsp;<\/td>\n<\/tr>\n<tr>\n<td width=\"383\"><strong>Hepburn&rsquo;s Choice<\/strong><\/td>\n<\/tr>\n<tr>\n<td width=\"383\">Miltonduff (Speyside)<\/td>\n<\/tr>\n<tr>\n<td width=\"383\">Glentauchers (Speyside)<\/td>\n<\/tr>\n<tr>\n<td width=\"383\">Inchgower<\/td>\n<\/tr>\n<tr>\n<td width=\"383\">Glengoyne (W.Highlands)<\/td>\n<\/tr>\n<tr>\n<td width=\"383\">Blair Athol (Highlands)<\/td>\n<\/tr>\n<tr>\n<td width=\"383\">Fettercairn Charlemagne<\/td>\n<\/tr>\n<tr>\n<td width=\"383\">Dailuaine Petrus<\/td>\n<\/tr>\n<tr>\n<td width=\"383\">Mortlach (Speyside)<\/td>\n<\/tr>\n<tr>\n<td width=\"383\"><strong>Douglas of Drumlanrig<\/strong><\/td>\n<\/tr>\n<tr>\n<td width=\"383\">Glen Spey (Speyside)<\/td>\n<\/tr>\n<tr>\n<td width=\"383\">Tamdhu (Speyside)<\/td>\n<\/tr>\n<tr>\n<td width=\"383\">Auchroisk (Speyside)<\/td>\n<\/tr>\n<tr>\n<td width=\"383\"><strong>Old Malt Cask<\/strong><\/td>\n<\/tr>\n<tr>\n<td width=\"383\">Glendullan (Speyside)<\/td>\n<\/tr>\n<tr>\n<td width=\"383\">Braeval (Speyside) quantit\u00e9s limit\u00e9es<\/td>\n<\/tr>\n<tr>\n<td width=\"383\">Linkwood (Speyside)<\/td>\n<\/tr>\n<tr>\n<td width=\"383\">Glenburgie (Speyside)<\/td>\n<\/tr>\n<tr>\n<td width=\"383\">Bowmore 12 ans (Islay)<\/td>\n<\/tr>\n<tr>\n<td width=\"383\">Longmorn (Speyside)<\/td>\n<\/tr>\n<tr>\n<td width=\"383\">Royal Lochnagar (E. Highlands)<\/td>\n<\/tr>\n<tr>\n<td width=\"383\">Linkwood (Speyside)<\/td>\n<\/tr>\n<tr>\n<td width=\"383\">Bowmore 14 ans (Islay)<\/td>\n<\/tr>\n<tr>\n<td width=\"383\">Auchentoschan\u00a0 (Lowlands)<\/td>\n<\/tr>\n<tr>\n<td width=\"383\">Inchgower (Speyside)<\/td>\n<\/tr>\n<tr>\n<td width=\"383\">Laphroaig (Islay)<\/p>\n<p>&nbsp;<\/p>\n<p>&nbsp;<\/td>\n<\/tr>\n<tr>\n<td width=\"383\"><strong>Old Malt Cask Format Voyageur 20cl<\/strong><\/td>\n<\/tr>\n<tr>\n<td width=\"383\">Laphroaig (Islay)<\/td>\n<\/tr>\n<tr>\n<td width=\"383\">Braeval (Speyside)<\/td>\n<\/tr>\n<tr>\n<td width=\"383\">Highland Park (Orkney)<\/td>\n<\/tr>\n<tr>\n<td width=\"383\">Caol Ila (Islay)<\/td>\n<\/tr>\n<tr>\n<td width=\"383\"><strong>The First Editions<\/strong><\/td>\n<\/tr>\n<tr>\n<td width=\"383\">Royal Brackla (Highlands)<\/td>\n<\/tr>\n<tr>\n<td width=\"383\">Allt\u00a0 a Bhainne\u00a0 (Speyside)<\/td>\n<\/tr>\n<tr>\n<td width=\"383\">Inchgower (Speyside)<\/td>\n<\/tr>\n<tr>\n<td width=\"383\">Glen Grant\u00a0 (Speyside)<\/td>\n<\/tr>\n<tr>\n<td width=\"383\">Bowmore (Islay)<\/td>\n<\/tr>\n<tr>\n<td width=\"383\"><strong>The First Editions &#8211; Special Author&rsquo;s Series<\/strong><\/td>\n<\/tr>\n<tr>\n<td width=\"383\">Ben Nevis (W.Highlands) &#8211; Leo Tolstoy<\/td>\n<\/tr>\n<tr>\n<td width=\"383\">Clyneslish (N.Highlands) &#8211; Edgar Poe<\/td>\n<\/tr>\n<tr>\n<td width=\"383\"><strong>Soveraign<\/strong><\/td>\n<\/tr>\n<tr>\n<td width=\"383\">Port Dundas<\/td>\n<\/tr>\n<tr>\n<td width=\"383\"><strong>Old &amp; Rare <\/strong><\/td>\n<\/tr>\n<tr>\n<td width=\"383\">Inchgower (Speyside)<\/td>\n<\/tr>\n<tr>\n<td width=\"383\">Glenturret (S. Highlands)<\/td>\n<\/tr>\n<tr>\n<td width=\"383\">Highland Park (Orkney)<\/td>\n<\/tr>\n<tr>\n<td width=\"383\">Bruichladdich (Islay)<\/td>\n<\/tr>\n<tr>\n<td width=\"383\">Laphroaig (Islay)<\/td>\n<\/tr>\n<tr>\n<td width=\"383\">Springbank (Campbeltown)<\/td>\n<\/tr>\n<tr>\n<td width=\"383\">Teaninich (N. Highlands)<\/td>\n<\/tr>\n<tr>\n<td width=\"383\">Port Ellen (Islay\/Distillerie ferm\u00e9e)<\/td>\n<\/tr>\n<tr>\n<td width=\"383\"><strong>\u00a0<\/strong><\/p>\n<p><strong>\u00a0<\/strong><\/p>\n<p><strong>WHISKIES IRLANDAIS<\/strong><\/td>\n<\/tr>\n<tr>\n<td width=\"383\">The Quiet Man Blend<\/td>\n<\/tr>\n<tr>\n<td width=\"383\">The Quiet Man Single Malt<\/td>\n<\/tr>\n<tr>\n<td width=\"383\">The Quiet Man Single Malt\u00a0 12 ans<\/td>\n<\/tr>\n<tr>\n<td width=\"383\"><\/td>\n<\/tr>\n<tr>\n<td width=\"383\"><strong>\u00a0<\/strong><strong>BOURBONS<\/strong><\/td>\n<\/tr>\n<tr>\n<td width=\"383\">James E.Pepper 1776\u00a0: Straight Rye Wiskey<\/td>\n<\/tr>\n<tr>\n<td width=\"383\">James E.Pepper 1776\u00a0: Straight Bourbon Wiskey<\/td>\n<\/tr>\n<tr>\n<td width=\"383\">James E.Pepper 1776\u00a0: Straight Bourbon Wiskey\u00a0 7Y<\/td>\n<\/tr>\n<tr>\n<td width=\"383\">Godfather Bourbon<\/td>\n<\/tr>\n<tr>\n<td width=\"383\"><\/td>\n<\/tr>\n<tr>\n<td width=\"383\"><strong>RHUMS<\/strong><\/td>\n<\/tr>\n<tr>\n<td width=\"383\"><\/td>\n<\/tr>\n<tr>\n<td width=\"383\"><strong>Arcane<\/strong><\/p>\n<p>Arcane Cane Crush<\/td>\n<\/tr>\n<tr>\n<td width=\"383\">Delicatissime<\/td>\n<\/tr>\n<tr>\n<td width=\"383\">Extraroma 12 ans<\/td>\n<\/tr>\n<tr>\n<td width=\"383\">Coffret Extraroma 12 ans Etui Prestige<\/td>\n<\/tr>\n<tr>\n<td width=\"383\">Coffret Extraroma 12 ans\u00a0 + 2 verres<\/td>\n<\/tr>\n<tr>\n<td width=\"383\"><strong>Beach House<\/strong><\/td>\n<\/tr>\n<tr>\n<td width=\"383\">Beach House Spiced Rum Etui<\/td>\n<\/tr>\n<tr>\n<td width=\"383\">Beach House White<\/td>\n<\/tr>\n<tr>\n<td width=\"383\"><strong>Gold of Mauritius <\/strong><\/td>\n<\/tr>\n<tr>\n<td width=\"383\">ROM Club Spiced<\/td>\n<\/tr>\n<tr>\n<td width=\"383\">ROM Club Sherry Spiced (Mauritius Club)<\/td>\n<\/tr>\n<tr>\n<td width=\"383\"><strong>\u00a0<\/strong><\/td>\n<\/tr>\n<tr>\n<td width=\"383\">Gold Of Mauritius<\/td>\n<\/tr>\n<tr>\n<td width=\"383\">Gold Of Mauritius\u00a0 Solera 5 ans<\/td>\n<\/tr>\n<tr>\n<td width=\"383\">Coffret Gold of Mauritius + 1 verre grav\u00e9<\/td>\n<\/tr>\n<tr>\n<td width=\"383\"><strong>Hee Joy<\/strong><\/td>\n<\/tr>\n<tr>\n<td width=\"383\">Hee Joy Spiced Rum<\/td>\n<\/tr>\n<tr>\n<td width=\"383\">Hee Joy Origins<\/td>\n<\/tr>\n<tr>\n<td width=\"383\"><strong>Compagnie des Indes<\/strong><\/td>\n<\/tr>\n<tr>\n<td width=\"383\">Tricorne<\/td>\n<\/tr>\n<tr>\n<td width=\"383\">Cara\u00efbes<\/td>\n<\/tr>\n<tr>\n<td width=\"383\">Caraibes, F\u00fbt de Pernand Vergelesses Blanc Finish<\/td>\n<\/tr>\n<tr>\n<td width=\"383\">Latino<\/td>\n<\/tr>\n<tr>\n<td width=\"383\">Latino, F\u00fbt de Vosne Roman\u00e9e Finish<\/td>\n<\/tr>\n<tr>\n<td width=\"383\">Jama\u00efque 5 ans<\/td>\n<\/tr>\n<tr>\n<td width=\"383\">Jama\u00efque 5 ans Calbar Edition<\/td>\n<\/tr>\n<tr>\n<td width=\"383\">Jama\u00efque Navy Strenght<\/td>\n<\/tr>\n<tr>\n<td width=\"383\">Jama\u00efque (Longpond)<\/td>\n<\/tr>\n<tr>\n<td width=\"383\">Dominidad<\/td>\n<\/tr>\n<tr>\n<td width=\"383\">Guyana (Diamond)<\/td>\n<\/tr>\n<tr>\n<td width=\"383\">Ha\u00efti (Barbancourt)<\/td>\n<\/tr>\n<tr>\n<td width=\"383\">Oktoberum<\/td>\n<\/tr>\n<tr>\n<td width=\"383\">Guatemala 9 ans (Darsa)<\/td>\n<\/tr>\n<tr>\n<td width=\"383\">Belize 11 ans (Travelers)<\/td>\n<\/tr>\n<tr>\n<td width=\"383\">Belize 11 ans brut de fut (Travelers)<\/td>\n<\/tr>\n<tr>\n<td width=\"383\">Jama\u00efque 16 ans (Hampden)<\/td>\n<\/tr>\n<tr>\n<td width=\"383\">Barbades 20 ans (Multi Distilleries)<\/td>\n<\/tr>\n<tr>\n<td width=\"383\">Jama\u00efque (Hampden) 24 ans brut de fut<\/td>\n<\/tr>\n<tr>\n<td width=\"383\"><strong>IE Rum (rhum japonais)<\/strong><\/td>\n<\/tr>\n<tr>\n<td width=\"383\">Santa Maria &#8211; Crystal<\/td>\n<\/tr>\n<tr>\n<td width=\"383\">Santa Maria &#8211; Gold<\/td>\n<\/tr>\n<tr>\n<td width=\"383\"><strong>Kill Devil<\/strong><\/td>\n<\/tr>\n<tr>\n<td width=\"383\">West Indies Rhum<\/td>\n<\/tr>\n<tr>\n<td width=\"383\">Jamaica Monymusk<\/td>\n<\/tr>\n<tr>\n<td width=\"383\">Jamaica Worthy Park<\/td>\n<\/tr>\n<tr>\n<td width=\"383\">Guyana Savalle Still (Diamond)<\/td>\n<\/tr>\n<tr>\n<td width=\"383\"><span style=\"text-decoration: line-through;\">Guyana Versailles Pot Still (Diamond) <\/span><\/td>\n<\/tr>\n<tr>\n<td width=\"383\">Guyana Uitvlugt Pot Still<\/td>\n<\/tr>\n<tr>\n<td width=\"383\">Trinidad<\/td>\n<\/tr>\n<tr>\n<td width=\"383\">Guyana Enmore<\/td>\n<\/tr>\n<tr>\n<td width=\"383\"><strong>Meermaid<\/strong><\/td>\n<\/tr>\n<tr>\n<td width=\"383\">Meermaid Infused Rum<\/td>\n<\/tr>\n<tr>\n<td width=\"383\"><strong>Avua Cacha\u00e7as<\/strong><\/td>\n<\/tr>\n<tr>\n<td width=\"383\">Cachaca Avua Prata<\/td>\n<\/tr>\n<tr>\n<td width=\"383\">Cachaca Avua Amburana<\/td>\n<\/tr>\n<tr>\n<td width=\"383\"><\/td>\n<\/tr>\n<tr>\n<td width=\"383\"><strong>COGNACS <\/strong><\/td>\n<\/tr>\n<tr>\n<td width=\"383\"><strong>Hardy<\/strong><\/td>\n<\/tr>\n<tr>\n<td width=\"383\">Cognac Hardy VS 70cl<\/td>\n<\/tr>\n<tr>\n<td width=\"383\">Cognac Hardy VSOP 70cl<\/td>\n<\/tr>\n<tr>\n<td width=\"383\">Cognac Hardy Legend 1863 70cl<\/td>\n<\/tr>\n<tr>\n<td width=\"383\">Cognac Hardy XO Rare 70cl<\/td>\n<\/tr>\n<tr>\n<td width=\"383\">Pineau des Charentes Blanc Le Coq d&rsquo;Or 75cl<\/td>\n<\/tr>\n<tr>\n<td width=\"383\">Pineau des Charentes Ros\u00e9 Le Coq d&rsquo;Or 75cl<\/td>\n<\/tr>\n<tr>\n<td width=\"383\">Hardy Prestige Noces d&rsquo;argent 70cl<\/td>\n<\/tr>\n<tr>\n<td width=\"383\">Hardy Prestige Noces de perle 70cl<\/td>\n<\/tr>\n<tr>\n<td width=\"383\">Hardy Prestige Noces de diamant 70cl<\/td>\n<\/tr>\n<tr>\n<td width=\"383\">Hardy Prestige Noces d&rsquo;or 70cl<\/td>\n<\/tr>\n<tr>\n<td width=\"383\">Hardy Prestige Noces d&rsquo;albatre 70cl<\/td>\n<\/tr>\n<tr>\n<td width=\"383\">Hardy Perfection Lumi\u00e8re S\u00e9rie Limit\u00e9e 70cl<\/td>\n<\/tr>\n<tr>\n<td width=\"383\">Carafe LALIQUE Le Printemps S\u00e9rie Limit\u00e9e 70cl<\/td>\n<\/tr>\n<tr>\n<td width=\"383\">Carafe LALIQUE L&rsquo;\u00e9t\u00e9 S\u00e9rie Limit\u00e9e 70cl<\/td>\n<\/tr>\n<tr>\n<td width=\"383\"><\/td>\n<\/tr>\n<tr>\n<td width=\"383\"><strong>Fanny Fougerat<\/strong><\/td>\n<\/tr>\n<tr>\n<td width=\"383\">Vsop Petite Cig\u00fce<\/td>\n<\/tr>\n<tr>\n<td width=\"383\">Xo Iris Poivr\u00e9<\/td>\n<\/tr>\n<tr>\n<td width=\"383\">Xo C\u00e8dre Blanc<\/td>\n<\/tr>\n<tr>\n<td width=\"383\"><\/td>\n<\/tr>\n<tr>\n<td width=\"383\"><strong>ARMAGNACS CASTAREDE<\/strong><\/td>\n<\/tr>\n<tr>\n<td width=\"383\">VS<\/td>\n<\/tr>\n<tr>\n<td width=\"383\">VSOP<\/td>\n<\/tr>\n<tr>\n<td width=\"383\">Hors d&rsquo;Age<\/td>\n<\/tr>\n<tr>\n<td width=\"383\">1997<\/td>\n<\/tr>\n<tr>\n<td width=\"383\">1987<\/td>\n<\/tr>\n<tr>\n<td width=\"383\">1977<\/td>\n<\/tr>\n<tr>\n<td width=\"383\">1967<\/td>\n<\/tr>\n<tr>\n<td width=\"383\"><em>Disponibilit\u00e9s mill\u00e9sim\u00e9s sur demande. Frais de port en sus selon disponibilit\u00e9s.<\/em><\/td>\n<\/tr>\n<tr>\n<td width=\"383\"><em>Autres mill\u00e9simes: voir tarif Armagnac Castar\u00e8de<\/em><\/td>\n<\/tr>\n<tr>\n<td width=\"383\">Blanche<\/td>\n<\/tr>\n<tr>\n<td width=\"383\">Folle Blanche F\u00fbt N\u00b076 (f\u00fbt unique)<\/td>\n<\/tr>\n<tr>\n<td width=\"383\">Folle Blanche F\u00fbt N\u00b043 (f\u00fbt unique)<\/td>\n<\/tr>\n<tr>\n<td width=\"383\">Suppl\u00e9ment coffret bois 0,70cl<\/td>\n<\/tr>\n<tr>\n<td width=\"383\"><\/td>\n<\/tr>\n<tr>\n<td width=\"383\"><strong>CALVADOS LELOUVIER <\/strong><\/td>\n<\/tr>\n<tr>\n<td width=\"383\">Fine Calvados<\/td>\n<\/tr>\n<tr>\n<td width=\"383\">Calvados Vieux<\/td>\n<\/tr>\n<tr>\n<td width=\"383\">Calavados Hors d&rsquo;Age<\/td>\n<\/tr>\n<tr>\n<td width=\"383\">1996<\/td>\n<\/tr>\n<tr>\n<td width=\"383\">1991<\/td>\n<\/tr>\n<tr>\n<td width=\"383\">1986<\/td>\n<\/tr>\n<tr>\n<td width=\"383\">1981<\/td>\n<\/tr>\n<tr>\n<td width=\"383\"><\/td>\n<\/tr>\n<tr>\n<td width=\"383\"><strong>ANISES &amp; ABSINTHES EMILE PERNOT<\/strong><\/td>\n<\/tr>\n<tr>\n<td width=\"383\">Vieux Pontalier Sec &#8211; Anis\u00e9 50cl<\/td>\n<\/tr>\n<tr>\n<td width=\"383\">Vieux Pontalier Sec &#8211; Anis\u00e9 1L<\/td>\n<\/tr>\n<tr>\n<td width=\"383\">Vieux Pontalier sans sucre &#8211; Anis\u00e9 50cl<\/td>\n<\/tr>\n<tr>\n<td width=\"383\">Vieux Pontarlier &#8211; Absinthe Verte<\/td>\n<\/tr>\n<tr>\n<td width=\"383\">Cousin Jeune &#8211; Absinthe Blanche<\/td>\n<\/tr>\n<tr>\n<td width=\"383\">Un Emile &#8211; Absinthe Verte<\/td>\n<\/tr>\n<tr>\n<td width=\"383\">Bourgeois &#8211; Absinthe Verte 50cl<\/td>\n<\/tr>\n<tr>\n<td width=\"383\"><\/td>\n<\/tr>\n<tr>\n<td width=\"383\"><strong>LIQUEURS<\/strong><\/td>\n<\/tr>\n<tr>\n<td width=\"383\"><\/td>\n<\/tr>\n<tr>\n<td width=\"383\">Hedonist<\/td>\n<\/tr>\n<tr>\n<td width=\"383\"><\/td>\n<\/tr>\n<tr>\n<td width=\"383\">Liqueur au lait de ch\u00e8vre \u00e0 la chataigne Corse\u00a0 50cl<\/td>\n<\/tr>\n<tr>\n<td width=\"383\"><\/td>\n<\/tr>\n<tr>\n<td width=\"383\">Belle de Brillet<\/td>\n<\/tr>\n<tr>\n<td width=\"383\">Coffret Belle de Brillet 35cl + 2 verres<\/td>\n<\/tr>\n<tr>\n<td width=\"383\"><\/td>\n<\/tr>\n<tr>\n<td width=\"383\">Guignolet Kirsch 1L<\/td>\n<\/tr>\n<tr>\n<td width=\"383\">Liqueur d&rsquo;Absinthe 50cl<\/td>\n<\/tr>\n<tr>\n<td width=\"383\">Liqueur de Sapin 50cl<\/td>\n<\/tr>\n<tr>\n<td width=\"383\"><\/td>\n<\/tr>\n<tr>\n<td width=\"383\">Gentiana 1L<\/td>\n<\/tr>\n<tr>\n<td width=\"383\">Pontiane 1L<\/td>\n<\/tr>\n<tr>\n<td width=\"383\"><\/td>\n<\/tr>\n<tr>\n<td width=\"383\"><strong>ALCOOLS DE BOURGOGNE REYON<\/strong><\/td>\n<\/tr>\n<tr>\n<td width=\"383\">Vieux Marc<\/td>\n<\/tr>\n<tr>\n<td width=\"383\">Tr\u00e8s Vieux Marc<\/td>\n<\/tr>\n<tr>\n<td width=\"383\">Marc Hors d&rsquo;Age<\/td>\n<\/tr>\n<tr>\n<td width=\"383\">Tr\u00e8s Vieille Fine<\/td>\n<\/tr>\n<tr>\n<td width=\"383\">Fine Hors d&rsquo;Age<\/td>\n<\/tr>\n<tr>\n<td width=\"383\"><\/td>\n<\/tr>\n<tr>\n<td width=\"383\"><strong>ALCOOLS DE FRUITS ET DE PLANTES DE France<\/strong><\/td>\n<\/tr>\n<tr>\n<td width=\"383\">Poire Williams<\/td>\n<\/tr>\n<tr>\n<td width=\"383\">Mirabelle<\/td>\n<\/tr>\n<tr>\n<td width=\"383\">Framboise<\/td>\n<\/tr>\n<tr>\n<td width=\"383\">Eau de vie Gentiane\u00a0 Marcel Michel 35 cl<\/td>\n<\/tr>\n<tr>\n<td width=\"383\">Eau de vie Gentiane\u00a0 Marcel Michel 70 cl<\/td>\n<\/tr>\n<tr>\n<td width=\"383\"><\/td>\n<\/tr>\n<tr>\n<td width=\"383\"><strong>POLUGAR<\/strong><\/td>\n<\/tr>\n<tr>\n<td width=\"383\">N\u00b01 Seigle et Bl\u00e9 (70 cl)<\/td>\n<\/tr>\n<tr>\n<td width=\"383\">N\u00b01 Seigle et Bl\u00e9 (150 cl)<\/td>\n<\/tr>\n<tr>\n<td width=\"383\">N\u00b0 2 Ail et Poivre (50 cl)<\/td>\n<\/tr>\n<tr>\n<td width=\"383\">N\u00b0 2 Ail et Poivre (70 cl)<\/td>\n<\/tr>\n<tr>\n<td width=\"383\">N\u00b0 3 Cumin (50 cl)<\/td>\n<\/tr>\n<tr>\n<td width=\"383\">N\u00b0 3 Cumin (150 cl)<\/td>\n<\/tr>\n<tr>\n<td width=\"383\">N\u00b0 4 Miel et \u00e9pices (70cl)<\/td>\n<\/tr>\n<tr>\n<td width=\"383\">N\u00b0 5 Raifort (50cl)<\/td>\n<\/tr>\n<tr>\n<td width=\"383\">N\u00b0 6 Poivron (70cl)<\/td>\n<\/tr>\n<tr>\n<td width=\"383\">Dry Cherry (70cl)<\/td>\n<\/tr>\n<tr>\n<td width=\"383\">Wheat (70 cl)<\/td>\n<\/tr>\n<tr>\n<td width=\"383\">Classic Rye (70 cl)<\/td>\n<\/tr>\n<tr>\n<td width=\"383\">Barley (70 cl)<\/td>\n<\/tr>\n<tr>\n<td width=\"383\">Single Malt Rye\u00a0 (70 cl)<\/td>\n<\/tr>\n<tr>\n<td width=\"383\"><\/td>\n<\/tr>\n<tr>\n<td width=\"383\"><strong>GIN<\/strong><\/td>\n<\/tr>\n<tr>\n<td width=\"383\">Horatio dry gin by Pickwick<\/td>\n<\/tr>\n<tr>\n<td width=\"383\">Generous Gin<\/td>\n<\/tr>\n<tr>\n<td width=\"383\">Polugar N\u00b0 10 Old Russian Gin 50cl<\/td>\n<\/tr>\n<tr>\n<td width=\"383\">Coffret Generous Gin Etui Canister<\/td>\n<\/tr>\n<tr>\n<td width=\"383\">Gin VL 92 50cl<\/td>\n<\/tr>\n<tr>\n<td width=\"383\"><\/td>\n<\/tr>\n<tr>\n<td width=\"383\">Langley&rsquo;s n\u00b08<\/td>\n<\/tr>\n<tr>\n<td width=\"383\">Langley&rsquo;s OLD TOM<\/td>\n<\/tr>\n<tr>\n<td width=\"383\"><strong>TEQUILA<\/strong><\/td>\n<\/tr>\n<tr>\n<td width=\"383\">123\u00a0 Organic Blanco (Uno)<\/td>\n<\/tr>\n<tr>\n<td width=\"383\">123 Organic Reposado (Dos)<\/td>\n<\/tr>\n<tr>\n<td width=\"383\">123 Organic Anejo (Tres)<\/td>\n<\/tr>\n<tr>\n<td width=\"383\"><\/td>\n<\/tr>\n<tr>\n<td width=\"383\"><strong>Sak\u00e9 <\/strong><\/td>\n<\/tr>\n<tr>\n<td width=\"383\">Shichiken Junma\u00cf 72cl<\/td>\n<\/tr>\n<tr>\n<td width=\"383\">Shichiken Ginjo 72cl<\/td>\n<\/tr>\n<tr>\n<td width=\"383\">Shichiken Daiginjo 72cl<\/td>\n<\/tr>\n<tr>\n<td width=\"383\">Shichiken Oonakaya 72cl<\/td>\n<\/tr>\n<tr>\n<td width=\"383\">Kameman Genma\u00ef Shu 50cl<\/td>\n<\/tr>\n<tr>\n<td width=\"383\"><\/td>\n<\/tr>\n<tr>\n<td width=\"383\"><strong>SELECTION BARMEN<\/strong><\/td>\n<\/tr>\n<tr>\n<td width=\"383\">Prosecco Diva 75cl (nouveaut\u00e9)<\/td>\n<\/tr>\n<tr>\n<td width=\"383\">Gents Tonic Water 20cl<\/td>\n<\/tr>\n<tr>\n<td width=\"383\">Gents Bitter Lemon 20cl<\/td>\n<\/tr>\n<tr>\n<td width=\"383\">Gents Ginger Ale 20cl<\/td>\n<\/tr>\n<tr>\n<td width=\"383\">Vodka La Philosophe<\/td>\n<\/tr>\n<tr>\n<td width=\"383\">Pierres \u00e0 spiritueux 21 Grammes by Pickwick<\/td>\n<\/tr>\n<\/tbody>\n<\/table>\n","protected":false},"excerpt":{"rendered":"<p>\u00a0 \u00a0 WHISKIES ECOSSAIS Blends Scotch Whiskies Cerridwen by Pickwick Koudeta (nouveaut\u00e9) Eorna by Pickwick Clan Chattam Highland Journey Raasey &amp; Borders Distillers Borders &#8211; Single Grain Raasay &#8211; While We Wait Raasay 2 &#8211; While We Wait Distiller&rsquo;s Art Benrinnes \u00ab\u00a0A little Dream\u00a0\u00bb (Speyside) Fettercairn \u00ab\u00a0The Good Fella\u00a0\u00bb\u00a0 (E. Highlands) Inchgower Caol Ila \u00ab\u00a0Elegantly [&hellip;]<\/p>\n","protected":false},"author":1,"featured_media":56,"parent":0,"menu_order":0,"comment_status":"closed","ping_status":"closed","template":"","meta":{"footnotes":""},"class_list":["post-116","page","type-page","status-publish","has-post-thumbnail","hentry"],"_links":{"self":[{"href":"https:\/\/fines.fr\/index.php\/wp-json\/wp\/v2\/pages\/116","targetHints":{"allow":["GET"]}}],"collection":[{"href":"https:\/\/fines.fr\/index.php\/wp-json\/wp\/v2\/pages"}],"about":[{"href":"https:\/\/fines.fr\/index.php\/wp-json\/wp\/v2\/types\/page"}],"author":[{"embeddable":true,"href":"https:\/\/fines.fr\/index.php\/wp-json\/wp\/v2\/users\/1"}],"replies":[{"embeddable":true,"href":"https:\/\/fines.fr\/index.php\/wp-json\/wp\/v2\/comments?post=116"}],"version-history":[{"count":3,"href":"https:\/\/fines.fr\/index.php\/wp-json\/wp\/v2\/pages\/116\/revisions"}],"predecessor-version":[{"id":129,"href":"https:\/\/fines.fr\/index.php\/wp-json\/wp\/v2\/pages\/116\/revisions\/129"}],"wp:featuredmedia":[{"embeddable":true,"href":"https:\/\/fines.fr\/index.php\/wp-json\/wp\/v2\/media\/56"}],"wp:attachment":[{"href":"https:\/\/fines.fr\/index.php\/wp-json\/wp\/v2\/media?parent=116"}],"curies":[{"name":"wp","href":"https:\/\/api.w.org\/{rel}","templated":true}]}}