{"id":138,"date":"2017-05-15T16:45:51","date_gmt":"2017-05-15T14:45:51","guid":{"rendered":"http:\/\/talentsmarketcomsearch.com\/?page_id=138"},"modified":"2017-05-15T16:45:51","modified_gmt":"2017-05-15T14:45:51","slug":"sake","status":"publish","type":"page","link":"https:\/\/fines.fr\/index.php\/sake\/","title":{"rendered":"Sak\u00e9"},"content":{"rendered":"<table width=\"383\">\n<tbody>\n<tr>\n<td width=\"383\"><strong>Sak\u00e9 <\/strong><\/td>\n<\/tr>\n<tr>\n<td width=\"383\">Shichiken Junma\u00cf 72cl<\/td>\n<\/tr>\n<tr>\n<td width=\"383\">Shichiken Ginjo 72cl<\/td>\n<\/tr>\n<tr>\n<td width=\"383\">Shichiken Daiginjo 72cl<\/td>\n<\/tr>\n<tr>\n<td width=\"383\">Shichiken Oonakaya 72cl<\/td>\n<\/tr>\n<tr>\n<td width=\"383\">Kameman Genma\u00ef Shu 50cl<\/td>\n<\/tr>\n<\/tbody>\n<\/table>\n","protected":false},"excerpt":{"rendered":"<p>Sak\u00e9 Shichiken Junma\u00cf 72cl Shichiken Ginjo 72cl Shichiken Daiginjo 72cl Shichiken Oonakaya 72cl Kameman Genma\u00ef Shu 50cl<\/p>\n","protected":false},"author":1,"featured_media":0,"parent":0,"menu_order":0,"comment_status":"closed","ping_status":"closed","template":"","meta":{"footnotes":""},"class_list":["post-138","page","type-page","status-publish","hentry"],"_links":{"self":[{"href":"https:\/\/fines.fr\/index.php\/wp-json\/wp\/v2\/pages\/138","targetHints":{"allow":["GET"]}}],"collection":[{"href":"https:\/\/fines.fr\/index.php\/wp-json\/wp\/v2\/pages"}],"about":[{"href":"https:\/\/fines.fr\/index.php\/wp-json\/wp\/v2\/types\/page"}],"author":[{"embeddable":true,"href":"https:\/\/fines.fr\/index.php\/wp-json\/wp\/v2\/users\/1"}],"replies":[{"embeddable":true,"href":"https:\/\/fines.fr\/index.php\/wp-json\/wp\/v2\/comments?post=138"}],"version-history":[{"count":1,"href":"https:\/\/fines.fr\/index.php\/wp-json\/wp\/v2\/pages\/138\/revisions"}],"predecessor-version":[{"id":139,"href":"https:\/\/fines.fr\/index.php\/wp-json\/wp\/v2\/pages\/138\/revisions\/139"}],"wp:attachment":[{"href":"https:\/\/fines.fr\/index.php\/wp-json\/wp\/v2\/media?parent=138"}],"curies":[{"name":"wp","href":"https:\/\/api.w.org\/{rel}","templated":true}]}}