{"id":146,"date":"2017-05-15T16:52:22","date_gmt":"2017-05-15T14:52:22","guid":{"rendered":"http:\/\/talentsmarketcomsearch.com\/?page_id=146"},"modified":"2017-05-15T16:52:22","modified_gmt":"2017-05-15T14:52:22","slug":"anises-et-absinthes-emile-pernot","status":"publish","type":"page","link":"https:\/\/fines.fr\/index.php\/anises-et-absinthes-emile-pernot\/","title":{"rendered":"Anis\u00e9s et absinthes Emile Pernot"},"content":{"rendered":"<table width=\"383\">\n<tbody>\n<tr>\n<td width=\"383\"><strong>ANISES &amp; ABSINTHES EMILE PERNOT<\/strong><\/td>\n<\/tr>\n<tr>\n<td width=\"383\">Vieux Pontalier Sec &#8211; Anis\u00e9 50cl<\/td>\n<\/tr>\n<tr>\n<td width=\"383\">Vieux Pontalier Sec &#8211; Anis\u00e9 1L<\/td>\n<\/tr>\n<tr>\n<td width=\"383\">Vieux Pontalier sans sucre &#8211; Anis\u00e9 50cl<\/td>\n<\/tr>\n<tr>\n<td width=\"383\">Vieux Pontarlier &#8211; Absinthe Verte<\/td>\n<\/tr>\n<tr>\n<td width=\"383\">Cousin Jeune &#8211; Absinthe Blanche<\/td>\n<\/tr>\n<tr>\n<td width=\"383\">Un Emile &#8211; Absinthe Verte<\/td>\n<\/tr>\n<tr>\n<td width=\"383\">Bourgeois &#8211; Absinthe Verte 50cl<\/td>\n<\/tr>\n<\/tbody>\n<\/table>\n","protected":false},"excerpt":{"rendered":"<p>ANISES &amp; ABSINTHES EMILE PERNOT Vieux Pontalier Sec &#8211; Anis\u00e9 50cl Vieux Pontalier Sec &#8211; Anis\u00e9 1L Vieux Pontalier sans sucre &#8211; Anis\u00e9 50cl Vieux Pontarlier &#8211; Absinthe Verte Cousin Jeune &#8211; Absinthe Blanche Un Emile &#8211; Absinthe Verte Bourgeois &#8211; Absinthe Verte 50cl<\/p>\n","protected":false},"author":1,"featured_media":0,"parent":0,"menu_order":0,"comment_status":"closed","ping_status":"closed","template":"","meta":{"footnotes":""},"class_list":["post-146","page","type-page","status-publish","hentry"],"_links":{"self":[{"href":"https:\/\/fines.fr\/index.php\/wp-json\/wp\/v2\/pages\/146","targetHints":{"allow":["GET"]}}],"collection":[{"href":"https:\/\/fines.fr\/index.php\/wp-json\/wp\/v2\/pages"}],"about":[{"href":"https:\/\/fines.fr\/index.php\/wp-json\/wp\/v2\/types\/page"}],"author":[{"embeddable":true,"href":"https:\/\/fines.fr\/index.php\/wp-json\/wp\/v2\/users\/1"}],"replies":[{"embeddable":true,"href":"https:\/\/fines.fr\/index.php\/wp-json\/wp\/v2\/comments?post=146"}],"version-history":[{"count":1,"href":"https:\/\/fines.fr\/index.php\/wp-json\/wp\/v2\/pages\/146\/revisions"}],"predecessor-version":[{"id":147,"href":"https:\/\/fines.fr\/index.php\/wp-json\/wp\/v2\/pages\/146\/revisions\/147"}],"wp:attachment":[{"href":"https:\/\/fines.fr\/index.php\/wp-json\/wp\/v2\/media?parent=146"}],"curies":[{"name":"wp","href":"https:\/\/api.w.org\/{rel}","templated":true}]}}