{"id":61,"date":"2017-05-12T18:54:24","date_gmt":"2017-05-12T16:54:24","guid":{"rendered":"http:\/\/talentsmarketcomsearch.com\/?page_id=61"},"modified":"2018-09-26T20:11:33","modified_gmt":"2018-09-26T18:11:33","slug":"domaines-en-bourgogne","status":"publish","type":"page","link":"https:\/\/fines.fr\/index.php\/domaines-en-bourgogne\/","title":{"rendered":"Domaines en Bourgogne"},"content":{"rendered":"<p>Domaine Jean Fournier (Marsannay)<\/p>\n<p>Domaine des Beaumont (Morey-Saint-Denis)<\/p>\n<p>Domaine Perrot-Minot (Morey-Saint-Denis)<\/p>\n<p>Domaine Drouhin-Laroze (Gevrey-Chambertin)<\/p>\n<p>Domaine Francois Lamarche (Vosne-Roman\u00e9e)<\/p>\n<p>Domaine Gros Fr\u00e8re et S\u0153ur (Vosne-Roman\u00e9e)<\/p>\n<p>Domaine Guy et Yvan Dufouleur (Nuits-Saint-Georges)<\/p>\n<p>Domaine Jean-Jacques Confuron (Premeaux)<\/p>\n<p>Domaine Laleure-Piot (Pernand-Vergelesses)<\/p>\n<p>Maison Champy (Beaune)<\/p>\n<p>Domaine du Clos de la Chapelle (Volnay)<\/p>\n<p>Domaine Albert Grivault (Meursault)<\/p>\n<p>Domaine Fontaine-Gagnard (Chassagne-Montrachet)<\/p>\n<p>Domaine Marc-Antonin Blain (Chassagne-Montrachet)<\/p>\n<p>Domaine Germain P\u00e8re et Fils (Saint Romain)<\/p>\n<p>Domaine Roger Belland (Santenay)<\/p>\n<p>Domaine de la Meuli\u00e8re (Chablis)<\/p>\n<p>Domaine Louis Jacquard (Mercurey)<\/p>\n","protected":false},"excerpt":{"rendered":"<p>Domaine Jean Fournier (Marsannay) Domaine des Beaumont (Morey-Saint-Denis) Domaine Perrot-Minot (Morey-Saint-Denis) Domaine Drouhin-Laroze (Gevrey-Chambertin) Domaine Francois Lamarche (Vosne-Roman\u00e9e) Domaine Gros Fr\u00e8re et S\u0153ur (Vosne-Roman\u00e9e) Domaine Guy et Yvan Dufouleur (Nuits-Saint-Georges) Domaine Jean-Jacques Confuron (Premeaux) Domaine Laleure-Piot (Pernand-Vergelesses) Maison Champy (Beaune) Domaine du Clos de la Chapelle (Volnay) Domaine Albert Grivault (Meursault) Domaine Fontaine-Gagnard (Chassagne-Montrachet) Domaine [&hellip;]<\/p>\n","protected":false},"author":1,"featured_media":59,"parent":0,"menu_order":0,"comment_status":"closed","ping_status":"closed","template":"","meta":{"footnotes":""},"class_list":["post-61","page","type-page","status-publish","has-post-thumbnail","hentry"],"_links":{"self":[{"href":"https:\/\/fines.fr\/index.php\/wp-json\/wp\/v2\/pages\/61","targetHints":{"allow":["GET"]}}],"collection":[{"href":"https:\/\/fines.fr\/index.php\/wp-json\/wp\/v2\/pages"}],"about":[{"href":"https:\/\/fines.fr\/index.php\/wp-json\/wp\/v2\/types\/page"}],"author":[{"embeddable":true,"href":"https:\/\/fines.fr\/index.php\/wp-json\/wp\/v2\/users\/1"}],"replies":[{"embeddable":true,"href":"https:\/\/fines.fr\/index.php\/wp-json\/wp\/v2\/comments?post=61"}],"version-history":[{"count":6,"href":"https:\/\/fines.fr\/index.php\/wp-json\/wp\/v2\/pages\/61\/revisions"}],"predecessor-version":[{"id":220,"href":"https:\/\/fines.fr\/index.php\/wp-json\/wp\/v2\/pages\/61\/revisions\/220"}],"wp:featuredmedia":[{"embeddable":true,"href":"https:\/\/fines.fr\/index.php\/wp-json\/wp\/v2\/media\/59"}],"wp:attachment":[{"href":"https:\/\/fines.fr\/index.php\/wp-json\/wp\/v2\/media?parent=61"}],"curies":[{"name":"wp","href":"https:\/\/api.w.org\/{rel}","templated":true}]}}